{"id":532,"date":"2015-05-30T07:24:59","date_gmt":"2015-05-30T05:24:59","guid":{"rendered":"http:\/\/wydethemes.com\/flora1\/?page_id=2"},"modified":"2018-11-07T23:36:07","modified_gmt":"2018-11-07T22:36:07","slug":"home","status":"publish","type":"page","link":"https:\/\/chirovisionglobale.com\/","title":{"rendered":"Accueil"},"content":{"rendered":"<p>[vc_row row_style=\u00a0\u00bbfull-width\u00a0\u00bb padding_size=\u00a0\u00bbno-padding\u00a0\u00bb][vc_column][rev_slider_vc alias=\u00a0\u00bbchriro3&Prime; color=\u00a0\u00bb#000000&Prime; el_class=\u00a0\u00bbhttps:\/\/www.gorendezvous.com\/chirovisionglobale?companyId=110138&Prime;][\/vc_column][\/vc_row][vc_row vertical_align=\u00a0\u00bbmiddle\u00a0\u00bb padding_size=\u00a0\u00bbno-padding\u00a0\u00bb][vc_column width=\u00a0\u00bb1\/2&Prime;][vc_empty_space height=\u00a0\u00bb120px\u00a0\u00bb][vc_single_image image=\u00a0\u00bb2214&Prime; img_size=\u00a0\u00bbfull-width\u00a0\u00bb alignment=\u00a0\u00bbcenter\u00a0\u00bb][\/vc_column][vc_column width=\u00a0\u00bb1\/2&Prime;][vc_empty_space height=\u00a0\u00bb120px\u00a0\u00bb][vc_custom_heading text=\u00a0\u00bbNotre mission\u00a0\u00bb font_container=\u00a0\u00bbtag:h2|font_size:50px|text_align:left|color:%23333333|line_height:1.1&Prime; google_fonts=\u00a0\u00bbfont_family:Montserrat%3Aregular%2C700|font_style:700%20bold%20regular%3A700%3Anormal\u00a0\u00bb text_transform=\u00a0\u00bbnone\u00a0\u00bb el_class=\u00a0\u00bboverlap-left\u00a0\u00bb animation=\u00a0\u00bbfadeInLeft\u00a0\u00bb][vc_column_text]Notre mission est de vous aider \u00e0 identifier et \u00e0 corriger les sources de d\u00e9s\u00e9quilibres et de lib\u00e9rer votre syst\u00e8me nerveux afin que vous atteigniez un \u00e9tat de sant\u00e9 et de bien-\u00eatre durables.<\/p>\n<p>Nous voulons vous offrir des soins, traitements et conseils personnalis\u00e9s.<\/p>\n<p>Notre approche chiropratique, qui est bas\u00e9e sur la kin\u00e9siologie appliqu\u00e9e, est porteuse de la vision globale qui nous caract\u00e9rise.<\/p>\n<p>Nous nous engageons \u00e0 poursuivre de fa\u00e7on continue nos formations et perfectionnement afin de vous offrir des soins de qualit\u00e9 \u00e0 la fine pointe du d\u00e9veloppement.[\/vc_column_text][vc_empty_space height=\u00a0\u00bb120px\u00a0\u00bb][\/vc_column][\/vc_row][vc_row vertical_align=\u00a0\u00bbmiddle\u00a0\u00bb padding_size=\u00a0\u00bbno-padding\u00a0\u00bb background_color=\u00a0\u00bb#00a19a\u00a0\u00bb][vc_column background_color=\u00a0\u00bb#00a19a\u00a0\u00bb width=\u00a0\u00bb2\/3&Prime; el_class=\u00a0\u00bboverlap\u00a0\u00bb][vc_custom_heading text=\u00a0\u00bbNotre vision \u00a0\u00bb font_container=\u00a0\u00bbtag:h2|font_size:50px|text_align:right|color:%23000000|line_height:1.1&Prime; google_fonts=\u00a0\u00bbfont_family:Montserrat%3Aregular%2C700|font_style:700%20bold%20regular%3A700%3Anormal\u00a0\u00bb text_transform=\u00a0\u00bbnone\u00a0\u00bb animation_delay=\u00a0\u00bb0.5&Prime; el_class=\u00a0\u00bboverlap-right\u00a0\u00bb animation=\u00a0\u00bbfadeInLeft\u00a0\u00bb][vc_column_text]La sant\u00e9 est un \u00e9tat d\u2019\u00e9quilibre entre la structure, les \u00e9motions et la biochimie o\u00f9 le syst\u00e8me nerveux agit comme un fil conducteur entre ces \u00e9l\u00e9ments.<\/p>\n<p>Nous croyons que c\u2019est \u00e0 partir de cette vision globale de la personne que chacun pourra acc\u00e9der \u00e0 sa sant\u00e9 optimale.[\/vc_column_text][vc_empty_space height=\u00a0\u00bb120px\u00a0\u00bb][\/vc_column][vc_column padding_size=\u00a0\u00bbno-padding\u00a0\u00bb background_color=\u00a0\u00bb#dce4e6&Prime; width=\u00a0\u00bb1\/3&Prime;][vc_single_image image=\u00a0\u00bb1579&Prime; alignment=\u00a0\u00bbcenter\u00a0\u00bb responsive=\u00a0\u00bbtrue\u00a0\u00bb][\/vc_column][\/vc_row]<\/p>\n","protected":false},"excerpt":{"rendered":"<p>[vc_row row_style=\u00a0\u00bbfull-width\u00a0\u00bb padding_size=\u00a0\u00bbno-padding\u00a0\u00bb][vc_column][rev_slider_vc alias=\u00a0\u00bbchriro3&Prime; color=\u00a0\u00bb#000000&Prime; el_class=\u00a0\u00bbhttps:\/\/www.gorendezvous.com\/chirovisionglobale?companyId=110138&Prime;][\/vc_column][\/vc_row][vc_row vertical_align=\u00a0\u00bbmiddle\u00a0\u00bb padding_size=\u00a0\u00bbno-padding\u00a0\u00bb][vc_column width=\u00a0\u00bb1\/2&Prime;][vc_empty_space height=\u00a0\u00bb120px\u00a0\u00bb][vc_single_image image=\u00a0\u00bb2214&Prime; img_size=\u00a0\u00bbfull-width\u00a0\u00bb alignment=\u00a0\u00bbcenter\u00a0\u00bb][\/vc_column][vc_column width=\u00a0\u00bb1\/2&Prime;][vc_empty_space height=\u00a0\u00bb120px\u00a0\u00bb][vc_custom_heading text=\u00a0\u00bbNotre mission\u00a0\u00bb font_container=\u00a0\u00bbtag:h2|font_size:50px|text_align:left|color:%23333333|line_height:1.1&Prime; google_fonts=\u00a0\u00bbfont_family:Montserrat%3Aregular%2C700|font_style:700%20bold%20regular%3A700%3Anormal\u00a0\u00bb text_transform=\u00a0\u00bbnone\u00a0\u00bb el_class=\u00a0\u00bboverlap-left\u00a0\u00bb animation=\u00a0\u00bbfadeInLeft\u00a0\u00bb][vc_column_text]Notre mission est de vous aider \u00e0 identifier et \u00e0 corriger les sources de d\u00e9s\u00e9quilibres et de lib\u00e9rer votre syst\u00e8me nerveux afin que vous atteigniez un \u00e9tat de sant\u00e9 et de bien-\u00eatre durables. Nous [&hellip;]<\/p>\n","protected":false},"author":1,"featured_media":0,"parent":0,"menu_order":0,"comment_status":"open","ping_status":"closed","template":"","meta":{"footnotes":""},"class_list":["post-532","page","type-page","status-publish","hentry"],"_links":{"self":[{"href":"https:\/\/chirovisionglobale.com\/index.php\/wp-json\/wp\/v2\/pages\/532","targetHints":{"allow":["GET"]}}],"collection":[{"href":"https:\/\/chirovisionglobale.com\/index.php\/wp-json\/wp\/v2\/pages"}],"about":[{"href":"https:\/\/chirovisionglobale.com\/index.php\/wp-json\/wp\/v2\/types\/page"}],"author":[{"embeddable":true,"href":"https:\/\/chirovisionglobale.com\/index.php\/wp-json\/wp\/v2\/users\/1"}],"replies":[{"embeddable":true,"href":"https:\/\/chirovisionglobale.com\/index.php\/wp-json\/wp\/v2\/comments?post=532"}],"version-history":[{"count":34,"href":"https:\/\/chirovisionglobale.com\/index.php\/wp-json\/wp\/v2\/pages\/532\/revisions"}],"predecessor-version":[{"id":2403,"href":"https:\/\/chirovisionglobale.com\/index.php\/wp-json\/wp\/v2\/pages\/532\/revisions\/2403"}],"wp:attachment":[{"href":"https:\/\/chirovisionglobale.com\/index.php\/wp-json\/wp\/v2\/media?parent=532"}],"curies":[{"name":"wp","href":"https:\/\/api.w.org\/{rel}","templated":true}]}}